{"id":5771,"date":"2022-11-23T19:06:24","date_gmt":"2022-11-23T19:06:24","guid":{"rendered":"https:\/\/www.mur-partners.com\/?page_id=5771"},"modified":"2024-11-08T11:04:11","modified_gmt":"2024-11-08T11:04:11","slug":"contacte-gracies","status":"publish","type":"page","link":"https:\/\/www.mur-partners.com\/ca\/contacte-gracies\/","title":{"rendered":"Contacte Gracies"},"content":{"rendered":"[vc_row type=&#8221;full_width_content&#8221; full_screen_row_position=&#8221;middle&#8221; column_margin=&#8221;default&#8221; equal_height=&#8221;yes&#8221; content_placement=&#8221;middle&#8221; column_direction=&#8221;default&#8221; column_direction_tablet=&#8221;column_reverse&#8221; column_direction_phone=&#8221;column_reverse&#8221; scene_position=&#8221;center&#8221; left_padding_tablet=&#8221;8%&#8221; constrain_group_4=&#8221;yes&#8221; right_padding_tablet=&#8221;8%&#8221; text_color=&#8221;dark&#8221; text_align=&#8221;left&#8221; row_border_radius=&#8221;none&#8221; row_border_radius_applies=&#8221;bg&#8221; overflow=&#8221;visible&#8221; advanced_gradient_angle=&#8221;0&#8243; overlay_strength=&#8221;0.3&#8243; gradient_direction=&#8221;left_to_right&#8221; shape_divider_position=&#8221;bottom&#8221; bg_image_animation=&#8221;none&#8221; gradient_type=&#8221;default&#8221; shape_type=&#8221;&#8221;][vc_column column_padding=&#8221;padding-8-percent&#8221; column_padding_tablet=&#8221;no-extra-padding&#8221; column_padding_phone=&#8221;no-extra-padding&#8221; column_padding_position=&#8221;all&#8221; top_margin_tablet=&#8221;32px&#8221; column_element_direction_desktop=&#8221;default&#8221; column_element_spacing=&#8221;default&#8221; desktop_text_alignment=&#8221;default&#8221; tablet_text_alignment=&#8221;default&#8221; phone_text_alignment=&#8221;default&#8221; background_color_opacity=&#8221;1&#8243; background_hover_color_opacity=&#8221;1&#8243; column_backdrop_filter=&#8221;none&#8221; column_shadow=&#8221;none&#8221; column_border_radius=&#8221;none&#8221; column_link_target=&#8221;_self&#8221; column_position=&#8221;default&#8221; zindex=&#8221;100&#8243; advanced_gradient_angle=&#8221;0&#8243; gradient_direction=&#8221;left_to_right&#8221; overlay_strength=&#8221;0.3&#8243; width=&#8221;1\/2&#8243; tablet_width_inherit=&#8221;default&#8221; animation_type=&#8221;default&#8221; bg_image_animation=&#8221;none&#8221; border_type=&#8221;simple&#8221; column_border_width=&#8221;none&#8221; column_border_style=&#8221;solid&#8221; gradient_type=&#8221;default&#8221;][nectar_highlighted_text style=&#8221;text_outline&#8221; outline_thickness=&#8221;regular&#8221; text_outline_color=&#8221;#000000&#8243; text=&#8221;9vh&#8221;]\n<h1><span style=\"color: #43acff;\">Gr\u00e0cies <\/span><b>per contactar amb nosaltres!<\/b><\/h1>\n[\/nectar_highlighted_text][vc_row_inner column_margin=&#8221;default&#8221; column_direction=&#8221;default&#8221; column_direction_tablet=&#8221;default&#8221; column_direction_phone=&#8221;default&#8221; top_padding_tablet=&#8221;0px&#8221; top_padding_phone=&#8221;0px&#8221; text_align=&#8221;left&#8221; row_position=&#8221;default&#8221; row_position_tablet=&#8221;inherit&#8221; row_position_phone=&#8221;inherit&#8221; min_width_tablet=&#8221;0px&#8221; min_width_phone=&#8221;0px&#8221; overflow=&#8221;visible&#8221; pointer_events=&#8221;all&#8221; min_width=&#8221;47vh&#8221;][vc_column_inner column_padding=&#8221;padding-9-percent&#8221; column_padding_tablet=&#8221;inherit&#8221; column_padding_phone=&#8221;inherit&#8221; column_padding_position=&#8221;right&#8221; column_element_direction_desktop=&#8221;default&#8221; column_element_spacing=&#8221;default&#8221; desktop_text_alignment=&#8221;default&#8221; tablet_text_alignment=&#8221;default&#8221; phone_text_alignment=&#8221;default&#8221; background_color_opacity=&#8221;1&#8243; background_hover_color_opacity=&#8221;1&#8243; column_backdrop_filter=&#8221;none&#8221; column_shadow=&#8221;none&#8221; column_border_radius=&#8221;none&#8221; column_link_target=&#8221;_self&#8221; overflow=&#8221;visible&#8221; gradient_direction=&#8221;left_to_right&#8221; overlay_strength=&#8221;0.3&#8243; width=&#8221;1\/1&#8243; tablet_width_inherit=&#8221;default&#8221; animation_type=&#8221;default&#8221; bg_image_animation=&#8221;none&#8221; border_type=&#8221;simple&#8221; column_border_width=&#8221;none&#8221; column_border_style=&#8221;solid&#8221; enable_border_animation=&#8221;true&#8221;][vc_column_text]<strong>Ens posarem en contacte amb tu molt aviat.<\/strong><\/p>\n<p>Equip Mur&amp;Partners[\/vc_column_text][\/vc_column_inner][\/vc_row_inner][\/vc_column][vc_column column_padding=&#8221;no-extra-padding&#8221; column_padding_tablet=&#8221;inherit&#8221; column_padding_phone=&#8221;inherit&#8221; column_padding_position=&#8221;all&#8221; column_element_direction_desktop=&#8221;default&#8221; column_element_spacing=&#8221;0px&#8221; desktop_text_alignment=&#8221;default&#8221; tablet_text_alignment=&#8221;default&#8221; phone_text_alignment=&#8221;default&#8221; background_color_opacity=&#8221;1&#8243; background_hover_color_opacity=&#8221;1&#8243; column_backdrop_filter=&#8221;none&#8221; column_shadow=&#8221;none&#8221; column_border_radius=&#8221;none&#8221; column_link_target=&#8221;_self&#8221; column_position=&#8221;default&#8221; advanced_gradient_angle=&#8221;0&#8243; gradient_direction=&#8221;left_to_right&#8221; overlay_strength=&#8221;0.3&#8243; width=&#8221;1\/2&#8243; tablet_width_inherit=&#8221;default&#8221; animation_type=&#8221;default&#8221; bg_image_animation=&#8221;none&#8221; border_type=&#8221;simple&#8221; column_border_width=&#8221;none&#8221; column_border_style=&#8221;solid&#8221; gradient_type=&#8221;default&#8221;][vc_row_inner column_margin=&#8221;default&#8221; column_direction=&#8221;default&#8221; column_direction_tablet=&#8221;default&#8221; column_direction_phone=&#8221;default&#8221; text_align=&#8221;left&#8221; row_position=&#8221;default&#8221; row_position_tablet=&#8221;inherit&#8221; row_position_phone=&#8221;inherit&#8221; min_width_desktop=&#8221;75vw&#8221; min_width_tablet=&#8221;100vw&#8221; min_width_phone=&#8221;100vw&#8221; overflow=&#8221;visible&#8221; pointer_events=&#8221;all&#8221;][vc_column_inner column_padding=&#8221;no-extra-padding&#8221; column_padding_tablet=&#8221;inherit&#8221; column_padding_phone=&#8221;inherit&#8221; column_padding_position=&#8221;all&#8221; column_element_direction_desktop=&#8221;default&#8221; column_element_spacing=&#8221;default&#8221; desktop_text_alignment=&#8221;default&#8221; tablet_text_alignment=&#8221;default&#8221; phone_text_alignment=&#8221;default&#8221; background_color_opacity=&#8221;1&#8243; background_hover_color_opacity=&#8221;1&#8243; background_image=&#8221;6573&#8243; background_image_position=&#8221;right center&#8221; background_image_stacking=&#8221;default&#8221; background_image_loading=&#8221;default&#8221; column_backdrop_filter=&#8221;none&#8221; column_shadow=&#8221;none&#8221; column_border_radius=&#8221;none&#8221; column_link_target=&#8221;_self&#8221; overflow=&#8221;visible&#8221; advanced_gradient_angle=&#8221;0&#8243; gradient_direction=&#8221;left_to_right&#8221; overlay_strength=&#8221;0.5&#8243; width=&#8221;1\/1&#8243; tablet_width_inherit=&#8221;default&#8221; animation_type=&#8221;default&#8221; bg_image_animation=&#8221;zoom-out-reveal&#8221; parallax_bg=&#8221;true&#8221; parallax_bg_speed=&#8221;minimum&#8221; border_type=&#8221;simple&#8221; column_border_width=&#8221;none&#8221; column_border_style=&#8221;solid&#8221; gradient_type=&#8221;default&#8221; column_padding_type=&#8221;default&#8221;][divider line_type=&#8221;No Line&#8221; custom_height=&#8221;100vh&#8221; custom_height_tablet=&#8221;80vh&#8221;][\/vc_column_inner][\/vc_row_inner][\/vc_column][\/vc_row]\n","protected":false},"excerpt":{"rendered":"<p>[vc_row type=&#8221;full_width_content&#8221; full_screen_row_position=&#8221;middle&#8221; column_margin=&#8221;default&#8221; equal_height=&#8221;yes&#8221; content_placement=&#8221;middle&#8221; column_direction=&#8221;default&#8221; column_direction_tablet=&#8221;column_reverse&#8221; column_direction_phone=&#8221;column_reverse&#8221; scene_position=&#8221;center&#8221; left_padding_tablet=&#8221;8%&#8221; constrain_group_4=&#8221;yes&#8221; right_padding_tablet=&#8221;8%&#8221; text_color=&#8221;dark&#8221; text_align=&#8221;left&#8221; row_border_radius=&#8221;none&#8221; row_border_radius_applies=&#8221;bg&#8221; overflow=&#8221;visible&#8221; advanced_gradient_angle=&#8221;0&#8243; overlay_strength=&#8221;0.3&#8243; gradient_direction=&#8221;left_to_right&#8221; shape_divider_position=&#8221;bottom&#8221; bg_image_animation=&#8221;none&#8221; gradient_type=&#8221;default&#8221; shape_type=&#8221;&#8221;][vc_column column_padding=&#8221;padding-8-percent&#8221; column_padding_tablet=&#8221;no-extra-padding&#8221; column_padding_phone=&#8221;no-extra-padding&#8221; column_padding_position=&#8221;all&#8221; top_margin_tablet=&#8221;32px&#8221;&#8230;<\/p>\n","protected":false},"author":14,"featured_media":7403,"parent":0,"menu_order":0,"comment_status":"closed","ping_status":"closed","template":"","meta":{"inline_featured_image":false,"footnotes":""},"class_list":["post-5771","page","type-page","status-publish","has-post-thumbnail"],"yoast_head":"<!-- This site is optimized with the Yoast SEO plugin v23.5 - https:\/\/yoast.com\/wordpress\/plugins\/seo\/ -->\n<title>Mur&amp;Partners | Tu consultora de recursos humanos<\/title>\n<meta name=\"description\" content=\"Somos tu consultora de selecci\u00f3n, desarrollo y acompa\u00f1amiento de talento especializada en ingenier\u00eda, tecnolog\u00eda, digital &amp; ecommerce y biotech.\" \/>\n<meta name=\"robots\" content=\"noindex, nofollow\" \/>\n<meta property=\"og:locale\" content=\"ca_ES\" \/>\n<meta property=\"og:type\" content=\"article\" \/>\n<meta property=\"og:title\" content=\"Mur&amp;Partners | Tu consultora de recursos humanos\" \/>\n<meta property=\"og:description\" content=\"Somos una consultora de selecci\u00f3n de personal, formaci\u00f3n y acompa\u00f1amiento especializada en \u00e1reas de negocio relacionadas con perfiles de ingenier\u00eda, tecnolog\u00eda, biotech y digital.\" \/>\n<meta property=\"og:url\" content=\"https:\/\/www.mur-partners.com\/ca\/contacte-gracies\/\" \/>\n<meta property=\"og:site_name\" content=\"Mur&amp;Partners\" \/>\n<meta property=\"article:publisher\" content=\"https:\/\/www.facebook.com\/murandpartners\/\" \/>\n<meta property=\"article:modified_time\" content=\"2024-11-08T11:04:11+00:00\" \/>\n<meta property=\"og:image\" content=\"https:\/\/www.mur-partners.com\/wp-content\/uploads\/2024\/03\/CarmenyAnna_HomeMiniatura-1.jpg\" \/>\n\t<meta property=\"og:image:width\" content=\"1560\" \/>\n\t<meta property=\"og:image:height\" content=\"1109\" \/>\n\t<meta property=\"og:image:type\" content=\"image\/jpeg\" \/>\n<meta name=\"twitter:card\" content=\"summary_large_image\" \/>\n<meta name=\"twitter:title\" content=\"Mur&amp;Partners | Tu consultora de recursos humanos\" \/>\n<meta name=\"twitter:description\" content=\"Somos una consultora de selecci\u00f3n de personal, formaci\u00f3n y acompa\u00f1amiento especializada en \u00e1reas de negocio relacionadas con perfiles de ingenier\u00eda, tecnolog\u00eda, biotech y digital.\" \/>\n<meta name=\"twitter:image\" content=\"https:\/\/www.mur-partners.com\/wp-content\/uploads\/2022\/07\/home-hero-02.jpeg\" \/>\n<meta name=\"twitter:site\" content=\"@murandpartners\" \/>\n<meta name=\"twitter:label1\" content=\"Temps estimat de lectura\" \/>\n\t<meta name=\"twitter:data1\" content=\"1 minut\" \/>\n<script type=\"application\/ld+json\" class=\"yoast-schema-graph\">{\"@context\":\"https:\/\/schema.org\",\"@graph\":[{\"@type\":\"WebPage\",\"@id\":\"https:\/\/www.mur-partners.com\/ca\/contacte-gracies\/\",\"url\":\"https:\/\/www.mur-partners.com\/ca\/contacte-gracies\/\",\"name\":\"Mur&Partners | Tu consultora de recursos humanos\",\"isPartOf\":{\"@id\":\"https:\/\/www.mur-partners.com\/ca\/#website\"},\"primaryImageOfPage\":{\"@id\":\"https:\/\/www.mur-partners.com\/ca\/contacte-gracies\/#primaryimage\"},\"image\":{\"@id\":\"https:\/\/www.mur-partners.com\/ca\/contacte-gracies\/#primaryimage\"},\"thumbnailUrl\":\"https:\/\/www.mur-partners.com\/wp-content\/uploads\/2025\/02\/Home_Principal-scaled.jpg\",\"datePublished\":\"2022-11-23T19:06:24+00:00\",\"dateModified\":\"2024-11-08T11:04:11+00:00\",\"description\":\"Somos tu consultora de selecci\u00f3n, desarrollo y acompa\u00f1amiento de talento especializada en ingenier\u00eda, tecnolog\u00eda, digital & ecommerce y biotech.\",\"breadcrumb\":{\"@id\":\"https:\/\/www.mur-partners.com\/ca\/contacte-gracies\/#breadcrumb\"},\"inLanguage\":\"ca\",\"potentialAction\":[{\"@type\":\"ReadAction\",\"target\":[\"https:\/\/www.mur-partners.com\/ca\/contacte-gracies\/\"]}]},{\"@type\":\"ImageObject\",\"inLanguage\":\"ca\",\"@id\":\"https:\/\/www.mur-partners.com\/ca\/contacte-gracies\/#primaryimage\",\"url\":\"https:\/\/www.mur-partners.com\/wp-content\/uploads\/2025\/02\/Home_Principal-scaled.jpg\",\"contentUrl\":\"https:\/\/www.mur-partners.com\/wp-content\/uploads\/2025\/02\/Home_Principal-scaled.jpg\",\"width\":2560,\"height\":1829},{\"@type\":\"BreadcrumbList\",\"@id\":\"https:\/\/www.mur-partners.com\/ca\/contacte-gracies\/#breadcrumb\",\"itemListElement\":[{\"@type\":\"ListItem\",\"position\":1,\"name\":\"Portada\",\"item\":\"https:\/\/www.mur-partners.com\/ca\/\"},{\"@type\":\"ListItem\",\"position\":2,\"name\":\"Contacte Gracies\"}]},{\"@type\":\"WebSite\",\"@id\":\"https:\/\/www.mur-partners.com\/ca\/#website\",\"url\":\"https:\/\/www.mur-partners.com\/ca\/\",\"name\":\"Mur&amp;Partners\",\"description\":\"Consultora de recursos humanos especializada en profesionales de la ingenier\u00eda, tecnolog\u00eda, digital y biotech.\",\"publisher\":{\"@id\":\"https:\/\/www.mur-partners.com\/ca\/#organization\"},\"potentialAction\":[{\"@type\":\"SearchAction\",\"target\":{\"@type\":\"EntryPoint\",\"urlTemplate\":\"https:\/\/www.mur-partners.com\/ca\/?s={search_term_string}\"},\"query-input\":{\"@type\":\"PropertyValueSpecification\",\"valueRequired\":true,\"valueName\":\"search_term_string\"}}],\"inLanguage\":\"ca\"},{\"@type\":\"Organization\",\"@id\":\"https:\/\/www.mur-partners.com\/ca\/#organization\",\"name\":\"Mur&Partners\",\"url\":\"https:\/\/www.mur-partners.com\/ca\/\",\"logo\":{\"@type\":\"ImageObject\",\"inLanguage\":\"ca\",\"@id\":\"https:\/\/www.mur-partners.com\/ca\/#\/schema\/logo\/image\/\",\"url\":\"https:\/\/www.mur-partners.com\/wp-content\/uploads\/2019\/10\/MP_COLOR-310x100.png\",\"contentUrl\":\"https:\/\/www.mur-partners.com\/wp-content\/uploads\/2019\/10\/MP_COLOR-310x100.png\",\"width\":310,\"height\":100,\"caption\":\"Mur&Partners\"},\"image\":{\"@id\":\"https:\/\/www.mur-partners.com\/ca\/#\/schema\/logo\/image\/\"},\"sameAs\":[\"https:\/\/www.facebook.com\/murandpartners\/\",\"https:\/\/x.com\/murandpartners\",\"https:\/\/www.instagram.com\/murandpartners\/\",\"https:\/\/www.linkedin.com\/company\/10181384\/\"]}]}<\/script>\n<!-- \/ Yoast SEO plugin. -->","yoast_head_json":{"title":"Mur&Partners | Tu consultora de recursos humanos","description":"Somos tu consultora de selecci\u00f3n, desarrollo y acompa\u00f1amiento de talento especializada en ingenier\u00eda, tecnolog\u00eda, digital & ecommerce y biotech.","robots":{"index":"noindex","follow":"nofollow"},"og_locale":"ca_ES","og_type":"article","og_title":"Mur&Partners | Tu consultora de recursos humanos","og_description":"Somos una consultora de selecci\u00f3n de personal, formaci\u00f3n y acompa\u00f1amiento especializada en \u00e1reas de negocio relacionadas con perfiles de ingenier\u00eda, tecnolog\u00eda, biotech y digital.","og_url":"https:\/\/www.mur-partners.com\/ca\/contacte-gracies\/","og_site_name":"Mur&amp;Partners","article_publisher":"https:\/\/www.facebook.com\/murandpartners\/","article_modified_time":"2024-11-08T11:04:11+00:00","og_image":[{"width":1560,"height":1109,"url":"https:\/\/www.mur-partners.com\/wp-content\/uploads\/2024\/03\/CarmenyAnna_HomeMiniatura-1.jpg","type":"image\/jpeg"}],"twitter_card":"summary_large_image","twitter_title":"Mur&Partners | Tu consultora de recursos humanos","twitter_description":"Somos una consultora de selecci\u00f3n de personal, formaci\u00f3n y acompa\u00f1amiento especializada en \u00e1reas de negocio relacionadas con perfiles de ingenier\u00eda, tecnolog\u00eda, biotech y digital.","twitter_image":"https:\/\/www.mur-partners.com\/wp-content\/uploads\/2022\/07\/home-hero-02.jpeg","twitter_site":"@murandpartners","twitter_misc":{"Temps estimat de lectura":"1 minut"},"schema":{"@context":"https:\/\/schema.org","@graph":[{"@type":"WebPage","@id":"https:\/\/www.mur-partners.com\/ca\/contacte-gracies\/","url":"https:\/\/www.mur-partners.com\/ca\/contacte-gracies\/","name":"Mur&Partners | Tu consultora de recursos humanos","isPartOf":{"@id":"https:\/\/www.mur-partners.com\/ca\/#website"},"primaryImageOfPage":{"@id":"https:\/\/www.mur-partners.com\/ca\/contacte-gracies\/#primaryimage"},"image":{"@id":"https:\/\/www.mur-partners.com\/ca\/contacte-gracies\/#primaryimage"},"thumbnailUrl":"https:\/\/www.mur-partners.com\/wp-content\/uploads\/2025\/02\/Home_Principal-scaled.jpg","datePublished":"2022-11-23T19:06:24+00:00","dateModified":"2024-11-08T11:04:11+00:00","description":"Somos tu consultora de selecci\u00f3n, desarrollo y acompa\u00f1amiento de talento especializada en ingenier\u00eda, tecnolog\u00eda, digital & ecommerce y biotech.","breadcrumb":{"@id":"https:\/\/www.mur-partners.com\/ca\/contacte-gracies\/#breadcrumb"},"inLanguage":"ca","potentialAction":[{"@type":"ReadAction","target":["https:\/\/www.mur-partners.com\/ca\/contacte-gracies\/"]}]},{"@type":"ImageObject","inLanguage":"ca","@id":"https:\/\/www.mur-partners.com\/ca\/contacte-gracies\/#primaryimage","url":"https:\/\/www.mur-partners.com\/wp-content\/uploads\/2025\/02\/Home_Principal-scaled.jpg","contentUrl":"https:\/\/www.mur-partners.com\/wp-content\/uploads\/2025\/02\/Home_Principal-scaled.jpg","width":2560,"height":1829},{"@type":"BreadcrumbList","@id":"https:\/\/www.mur-partners.com\/ca\/contacte-gracies\/#breadcrumb","itemListElement":[{"@type":"ListItem","position":1,"name":"Portada","item":"https:\/\/www.mur-partners.com\/ca\/"},{"@type":"ListItem","position":2,"name":"Contacte Gracies"}]},{"@type":"WebSite","@id":"https:\/\/www.mur-partners.com\/ca\/#website","url":"https:\/\/www.mur-partners.com\/ca\/","name":"Mur&amp;Partners","description":"Consultora de recursos humanos especializada en profesionales de la ingenier\u00eda, tecnolog\u00eda, digital y biotech.","publisher":{"@id":"https:\/\/www.mur-partners.com\/ca\/#organization"},"potentialAction":[{"@type":"SearchAction","target":{"@type":"EntryPoint","urlTemplate":"https:\/\/www.mur-partners.com\/ca\/?s={search_term_string}"},"query-input":{"@type":"PropertyValueSpecification","valueRequired":true,"valueName":"search_term_string"}}],"inLanguage":"ca"},{"@type":"Organization","@id":"https:\/\/www.mur-partners.com\/ca\/#organization","name":"Mur&Partners","url":"https:\/\/www.mur-partners.com\/ca\/","logo":{"@type":"ImageObject","inLanguage":"ca","@id":"https:\/\/www.mur-partners.com\/ca\/#\/schema\/logo\/image\/","url":"https:\/\/www.mur-partners.com\/wp-content\/uploads\/2019\/10\/MP_COLOR-310x100.png","contentUrl":"https:\/\/www.mur-partners.com\/wp-content\/uploads\/2019\/10\/MP_COLOR-310x100.png","width":310,"height":100,"caption":"Mur&Partners"},"image":{"@id":"https:\/\/www.mur-partners.com\/ca\/#\/schema\/logo\/image\/"},"sameAs":["https:\/\/www.facebook.com\/murandpartners\/","https:\/\/x.com\/murandpartners","https:\/\/www.instagram.com\/murandpartners\/","https:\/\/www.linkedin.com\/company\/10181384\/"]}]}},"_links":{"self":[{"href":"https:\/\/www.mur-partners.com\/ca\/wp-json\/wp\/v2\/pages\/5771"}],"collection":[{"href":"https:\/\/www.mur-partners.com\/ca\/wp-json\/wp\/v2\/pages"}],"about":[{"href":"https:\/\/www.mur-partners.com\/ca\/wp-json\/wp\/v2\/types\/page"}],"author":[{"embeddable":true,"href":"https:\/\/www.mur-partners.com\/ca\/wp-json\/wp\/v2\/users\/14"}],"replies":[{"embeddable":true,"href":"https:\/\/www.mur-partners.com\/ca\/wp-json\/wp\/v2\/comments?post=5771"}],"version-history":[{"count":4,"href":"https:\/\/www.mur-partners.com\/ca\/wp-json\/wp\/v2\/pages\/5771\/revisions"}],"predecessor-version":[{"id":6987,"href":"https:\/\/www.mur-partners.com\/ca\/wp-json\/wp\/v2\/pages\/5771\/revisions\/6987"}],"wp:featuredmedia":[{"embeddable":true,"href":"https:\/\/www.mur-partners.com\/ca\/wp-json\/wp\/v2\/media\/7403"}],"wp:attachment":[{"href":"https:\/\/www.mur-partners.com\/ca\/wp-json\/wp\/v2\/media?parent=5771"}],"curies":[{"name":"wp","href":"https:\/\/api.w.org\/{rel}","templated":true}]}}